{"id":42,"date":"2021-04-26T20:13:00","date_gmt":"2021-04-26T20:13:00","guid":{"rendered":"http:\/\/metzgerei-pfaeffli.ch\/WordPress\/?page_id=42"},"modified":"2024-01-04T19:17:40","modified_gmt":"2024-01-04T19:17:40","slug":"partyservice","status":"publish","type":"page","link":"https:\/\/metzgerei-pfaeffli.ch\/WordPress\/?page_id=42","title":{"rendered":"Partyservice"},"content":{"rendered":"\n<div class=\"wp-block-columns is-layout-flex wp-container-core-columns-is-layout-9d6595d7 wp-block-columns-is-layout-flex\">\n<div class=\"wp-block-column is-layout-flow wp-block-column-is-layout-flow\" style=\"flex-basis:33.33%\">\n<figure class=\"wp-block-gallery columns-1 is-cropped wp-block-gallery-1 is-layout-flex wp-block-gallery-is-layout-flex\"><ul class=\"blocks-gallery-grid\"><li class=\"blocks-gallery-item\"><figure><img loading=\"lazy\" decoding=\"async\" width=\"996\" height=\"1024\" src=\"http:\/\/metzgerei-pfaeffli.ch\/WordPress\/wp-content\/uploads\/2021\/07\/Fleischplatte0721-996x1024.jpg\" alt=\"\" data-id=\"404\" data-full-url=\"http:\/\/metzgerei-pfaeffli.ch\/WordPress\/wp-content\/uploads\/2021\/07\/Fleischplatte0721.jpg\" data-link=\"http:\/\/metzgerei-pfaeffli.ch\/WordPress\/?attachment_id=404\" class=\"wp-image-404\" srcset=\"https:\/\/metzgerei-pfaeffli.ch\/WordPress\/wp-content\/uploads\/2021\/07\/Fleischplatte0721-996x1024.jpg 996w, https:\/\/metzgerei-pfaeffli.ch\/WordPress\/wp-content\/uploads\/2021\/07\/Fleischplatte0721-292x300.jpg 292w, https:\/\/metzgerei-pfaeffli.ch\/WordPress\/wp-content\/uploads\/2021\/07\/Fleischplatte0721-768x789.jpg 768w, https:\/\/metzgerei-pfaeffli.ch\/WordPress\/wp-content\/uploads\/2021\/07\/Fleischplatte0721-1494x1536.jpg 1494w, https:\/\/metzgerei-pfaeffli.ch\/WordPress\/wp-content\/uploads\/2021\/07\/Fleischplatte0721.jpg 1505w\" sizes=\"auto, (max-width: 996px) 100vw, 996px\" \/><\/figure><\/li><\/ul><\/figure>\n<\/div>\n\n\n\n<div class=\"wp-block-column is-layout-flow wp-block-column-is-layout-flow\" style=\"flex-basis:66.66%\">\n<p class=\"has-medium-font-size\">Sie planen ein Gesch\u00e4ftsessen, einen Ap\u00e9ro, eine Hochzeit oder ein Familienfest? <\/p>\n\n\n\n<p class=\"has-medium-font-size\">Gerne helfen wir Ihnen bei der Planung und Auswahl Ihres Festessens. <\/p>\n\n\n\n<p class=\"has-medium-font-size\">Um Ihnen einen \u00dcberblick \u00fcber die M\u00f6glichkeiten zu geben, st\u00f6bern Sie in unseren Men\u00fcvorschl\u00e4gen:<\/p>\n\n\n\n<div class=\"wp-block-file\"><a href=\"https:\/\/metzgerei-pfaeffli.ch\/WordPress\/wp-content\/uploads\/2024\/01\/Partyservice-V012024-2.pdf\">Partyservice Men\u00fcvorschl\u00e4ge<\/a><a href=\"https:\/\/metzgerei-pfaeffli.ch\/WordPress\/wp-content\/uploads\/2024\/01\/Partyservice-V012024-2.pdf\" class=\"wp-block-file__button\" download>Herunterladen<\/a><\/div>\n\n\n\n<p><\/p>\n<\/div>\n<\/div>\n\n\n\n<p><\/p>\n\n\n\n<p><\/p>\n","protected":false},"excerpt":{"rendered":"<p>Sie planen ein Gesch\u00e4ftsessen, einen Ap\u00e9ro, eine Hochzeit oder ein Familienfest? Gerne helfen wir Ihnen bei der Planung und Auswahl Ihres Festessens. Um Ihnen einen \u00dcberblick \u00fcber die M\u00f6glichkeiten zu geben, st\u00f6bern Sie in unseren Men\u00fcvorschl\u00e4gen:<\/p>\n","protected":false},"author":1,"featured_media":0,"parent":0,"menu_order":0,"comment_status":"closed","ping_status":"closed","template":"","meta":{"footnotes":""},"class_list":["post-42","page","type-page","status-publish","hentry"],"_links":{"self":[{"href":"https:\/\/metzgerei-pfaeffli.ch\/WordPress\/index.php?rest_route=\/wp\/v2\/pages\/42","targetHints":{"allow":["GET"]}}],"collection":[{"href":"https:\/\/metzgerei-pfaeffli.ch\/WordPress\/index.php?rest_route=\/wp\/v2\/pages"}],"about":[{"href":"https:\/\/metzgerei-pfaeffli.ch\/WordPress\/index.php?rest_route=\/wp\/v2\/types\/page"}],"author":[{"embeddable":true,"href":"https:\/\/metzgerei-pfaeffli.ch\/WordPress\/index.php?rest_route=\/wp\/v2\/users\/1"}],"replies":[{"embeddable":true,"href":"https:\/\/metzgerei-pfaeffli.ch\/WordPress\/index.php?rest_route=%2Fwp%2Fv2%2Fcomments&post=42"}],"version-history":[{"count":19,"href":"https:\/\/metzgerei-pfaeffli.ch\/WordPress\/index.php?rest_route=\/wp\/v2\/pages\/42\/revisions"}],"predecessor-version":[{"id":565,"href":"https:\/\/metzgerei-pfaeffli.ch\/WordPress\/index.php?rest_route=\/wp\/v2\/pages\/42\/revisions\/565"}],"wp:attachment":[{"href":"https:\/\/metzgerei-pfaeffli.ch\/WordPress\/index.php?rest_route=%2Fwp%2Fv2%2Fmedia&parent=42"}],"curies":[{"name":"wp","href":"https:\/\/api.w.org\/{rel}","templated":true}]}}