{"id":36,"date":"2019-11-14T20:13:09","date_gmt":"2019-11-14T20:13:09","guid":{"rendered":"http:\/\/metzgerei-pfaeffli.ch\/WordPress\/?page_id=36"},"modified":"2022-02-04T06:42:23","modified_gmt":"2022-02-04T06:42:23","slug":"angebot","status":"publish","type":"page","link":"https:\/\/metzgerei-pfaeffli.ch\/WordPress\/?page_id=36","title":{"rendered":"Unser Sortiment"},"content":{"rendered":"\n<div class=\"wp-block-columns is-layout-flex wp-container-core-columns-is-layout-9d6595d7 wp-block-columns-is-layout-flex\">\n<div class=\"wp-block-column is-layout-flow wp-block-column-is-layout-flow\" style=\"flex-basis:33%\">\n<figure class=\"wp-block-image size-large\"><img loading=\"lazy\" decoding=\"async\" width=\"225\" height=\"300\" src=\"http:\/\/metzgerei-pfaeffli.ch\/WordPress\/wp-content\/uploads\/2019\/11\/Buffet4-e1618840228239.jpg\" alt=\"\" class=\"wp-image-163\"\/><\/figure>\n<\/div>\n\n\n\n<div class=\"wp-block-column is-layout-flow wp-block-column-is-layout-flow\" style=\"flex-basis:67%\">\n<p class=\"has-medium-font-size\"> Sie finden bei uns: <\/p>\n\n\n\n<ul class=\"has-medium-font-size wp-block-list\"><li>Abwechslungsreiches Fleischsortiment (Rind, Kalb, Schwein, Poulet, Lamm)<\/li><li>Saisonal Wildfleisch<\/li><li>Hausgemachte Wurstwaren (Salami, Dauerw\u00fcrste) &#038; Bauernhamme<\/li><li>Hausgemachte Sp\u00e4tzli, Suure Mocke und Sauerkraut<\/li><li>Grosses Grillsortiment<\/li><li>diverse Zusatzartikel wie \u00dcelu&#8217;s Salatsauce, div. Gew\u00fcrze, Risotto, Reis, Teigwaren  <\/li><\/ul>\n<\/div>\n<\/div>\n\n\n\n<div class=\"wp-block-columns is-layout-flex wp-container-core-columns-is-layout-9d6595d7 wp-block-columns-is-layout-flex\">\n<div class=\"wp-block-column is-layout-flow wp-block-column-is-layout-flow\" style=\"flex-basis:33.33%\">\n<figure class=\"wp-block-image size-medium\"><img loading=\"lazy\" decoding=\"async\" width=\"225\" height=\"300\" src=\"http:\/\/metzgerei-pfaeffli.ch\/WordPress\/wp-content\/uploads\/2020\/04\/Spez-Ostern1-225x300.jpeg\" alt=\"\" class=\"wp-image-301\" srcset=\"https:\/\/metzgerei-pfaeffli.ch\/WordPress\/wp-content\/uploads\/2020\/04\/Spez-Ostern1-225x300.jpeg 225w, https:\/\/metzgerei-pfaeffli.ch\/WordPress\/wp-content\/uploads\/2020\/04\/Spez-Ostern1-768x1024.jpeg 768w, https:\/\/metzgerei-pfaeffli.ch\/WordPress\/wp-content\/uploads\/2020\/04\/Spez-Ostern1-1152x1536.jpeg 1152w, https:\/\/metzgerei-pfaeffli.ch\/WordPress\/wp-content\/uploads\/2020\/04\/Spez-Ostern1.jpeg 1512w\" sizes=\"auto, (max-width: 225px) 100vw, 225px\" \/><\/figure>\n<\/div>\n\n\n\n<div class=\"wp-block-column is-layout-flow wp-block-column-is-layout-flow\" style=\"flex-basis:66.66%\">\n<p class=\"has-medium-font-size\">Firmengeschenke oder kleine Mitbringsel? Bei uns finden Sie f\u00fcr jede Gelegenheit ein passendes Geschenk.  <\/p>\n\n\n\n<ul class=\"has-medium-font-size wp-block-list\"><li>Geschenkkorb nach Wunsch z.B. mit Wein von Kevin Schneiders auserw\u00e4hlten Tropfen<\/li><li>Geschenkpl\u00e4ttli <\/li><li>Pf\u00e4ffliwurst <\/li><\/ul>\n\n\n\n<p class=\"has-medium-font-size\">Schauen Sie rein und lassen Sie sich \u00fcberraschen. <\/p>\n<\/div>\n<\/div>\n\n\n\n<p><\/p>\n","protected":false},"excerpt":{"rendered":"<p>Sie finden bei uns: Abwechslungsreiches Fleischsortiment (Rind, Kalb, Schwein, Poulet, Lamm) Saisonal Wildfleisch Hausgemachte Wurstwaren (Salami, Dauerw\u00fcrste) &#038; Bauernhamme Hausgemachte Sp\u00e4tzli, Suure Mocke und Sauerkraut Grosses Grillsortiment diverse Zusatzartikel wie \u00dcelu&#8217;s Salatsauce, div. Gew\u00fcrze, Risotto, Reis, Teigwaren Firmengeschenke oder kleine Mitbringsel? Bei uns finden Sie&nbsp;<a class=\"read-more\" href=\"https:\/\/metzgerei-pfaeffli.ch\/WordPress\/?page_id=36\">&hellip;<\/a><\/p>\n","protected":false},"author":1,"featured_media":0,"parent":0,"menu_order":0,"comment_status":"closed","ping_status":"closed","template":"","meta":{"footnotes":""},"class_list":["post-36","page","type-page","status-publish","hentry"],"_links":{"self":[{"href":"https:\/\/metzgerei-pfaeffli.ch\/WordPress\/index.php?rest_route=\/wp\/v2\/pages\/36","targetHints":{"allow":["GET"]}}],"collection":[{"href":"https:\/\/metzgerei-pfaeffli.ch\/WordPress\/index.php?rest_route=\/wp\/v2\/pages"}],"about":[{"href":"https:\/\/metzgerei-pfaeffli.ch\/WordPress\/index.php?rest_route=\/wp\/v2\/types\/page"}],"author":[{"embeddable":true,"href":"https:\/\/metzgerei-pfaeffli.ch\/WordPress\/index.php?rest_route=\/wp\/v2\/users\/1"}],"replies":[{"embeddable":true,"href":"https:\/\/metzgerei-pfaeffli.ch\/WordPress\/index.php?rest_route=%2Fwp%2Fv2%2Fcomments&post=36"}],"version-history":[{"count":9,"href":"https:\/\/metzgerei-pfaeffli.ch\/WordPress\/index.php?rest_route=\/wp\/v2\/pages\/36\/revisions"}],"predecessor-version":[{"id":459,"href":"https:\/\/metzgerei-pfaeffli.ch\/WordPress\/index.php?rest_route=\/wp\/v2\/pages\/36\/revisions\/459"}],"wp:attachment":[{"href":"https:\/\/metzgerei-pfaeffli.ch\/WordPress\/index.php?rest_route=%2Fwp%2Fv2%2Fmedia&parent=36"}],"curies":[{"name":"wp","href":"https:\/\/api.w.org\/{rel}","templated":true}]}}